{"id":41,"date":"2021-10-20T15:19:42","date_gmt":"2021-10-20T15:19:42","guid":{"rendered":"https:\/\/bredbjergmarathon.plusdata.dk\/index.php\/brite\/"},"modified":"2021-10-22T12:25:43","modified_gmt":"2021-10-22T12:25:43","slug":"brite","status":"publish","type":"page","link":"https:\/\/bredbjergmarathon.plusdata.dk\/","title":{"rendered":"Velkommen til Bredbjerg Marathon"},"content":{"rendered":"\n<div class=\"wp-block-group\"><div class=\"wp-block-group__inner-container is-layout-flow wp-block-group-is-layout-flow\">\n<div class=\"style-190 style-local-41-c1 position-relative\" data-colibri-id=\"41-c1\"><strong style=\"font-size: revert; color: initial;\">Hvem er vi?<\/strong><br \/>Bredbjerg Marathon er et hyggeligt l\u00f8b p\u00e5 vejene i og omkring S\u00f8nders\u00f8 og Dallund slot, hvor alle ubetinget kan f\u00f8le sig velkomne, og tiden p\u00e5 uret ikke er det vigtigste.<br \/><br \/><strong style=\"font-size: revert; color: initial;\">Hvor starter L\u00f8bet?<br \/><\/strong><span style=\"font-size: revert; color: initial;\">L\u00f8bet starter ved \u00c5toften 5, 5471 S\u00f8nders\u00f8.<br \/><br \/><\/span><strong style=\"font-size: revert; color: initial;\">Hvordan tages der tid og hvordan l\u00f8bes der?<br \/><\/strong><span style=\"font-size: revert; color: initial;\">Vi l\u00f8ber efter cannonball-princippet, s\u00e5 man st\u00e5r selv for tiden, uret m\u00e5 ikke stoppes undervejs, ej heller under toiletbes\u00f8g, og husk at sl\u00e5 autostop fra p\u00e5 uret. Der bliver lagt et ur og en liste ved start, s\u00e5 man kan se sin tid hvis uret kikser, eller man ikke har et. Man skriver selv tiden p\u00e5 listen, som efterf\u00f8lgende bliver offentliggjort. Man l\u00f8ber lige som ved alle andre l\u00f8b HELE distancen uanset hvad der st\u00e5r p\u00e5 uret, eller om man l\u00f8ber forkert under vejs.<br \/><br \/><\/span><strong style=\"font-size: revert; color: initial;\">Find os p\u00e5 Facebook:<\/strong><span style=\"font-size: revert; color: initial;\">\u00a0<\/span><a style=\"font-size: revert;\" href=\"https:\/\/www.facebook.com\/bredbjergmarathon\" target=\"_blank\" rel=\"nofollow noopener noreferrer\">https:\/\/www.facebook.com\/bredbjergmarathon<\/a><\/div>\n\n\n\n<p><\/p>\n<\/div><\/div>\n","protected":false},"excerpt":{"rendered":"<p>Hvem er vi?Bredbjerg Marathon er et hyggeligt l\u00f8b p\u00e5 vejene i og omkring S\u00f8nders\u00f8 og Dallund slot, hvor alle ubetinget kan f\u00f8le sig velkomne, og tiden p\u00e5 uret ikke er det vigtigste. Hvor starter L\u00f8bet?L\u00f8bet starter ved \u00c5toften 5, 5471 S\u00f8nders\u00f8. Hvordan tages der tid og hvordan l\u00f8bes der?Vi l\u00f8ber efter cannonball-princippet, s\u00e5 man st\u00e5r [&hellip;]<\/p>\n","protected":false},"author":1,"featured_media":0,"parent":0,"menu_order":0,"comment_status":"closed","ping_status":"closed","template":"page-templates\/homepage.php","meta":{"footnotes":""},"class_list":["post-41","page","type-page","status-publish","hentry"],"_links":{"self":[{"href":"https:\/\/bredbjergmarathon.plusdata.dk\/index.php\/wp-json\/wp\/v2\/pages\/41","targetHints":{"allow":["GET"]}}],"collection":[{"href":"https:\/\/bredbjergmarathon.plusdata.dk\/index.php\/wp-json\/wp\/v2\/pages"}],"about":[{"href":"https:\/\/bredbjergmarathon.plusdata.dk\/index.php\/wp-json\/wp\/v2\/types\/page"}],"author":[{"embeddable":true,"href":"https:\/\/bredbjergmarathon.plusdata.dk\/index.php\/wp-json\/wp\/v2\/users\/1"}],"replies":[{"embeddable":true,"href":"https:\/\/bredbjergmarathon.plusdata.dk\/index.php\/wp-json\/wp\/v2\/comments?post=41"}],"version-history":[{"count":7,"href":"https:\/\/bredbjergmarathon.plusdata.dk\/index.php\/wp-json\/wp\/v2\/pages\/41\/revisions"}],"predecessor-version":[{"id":190,"href":"https:\/\/bredbjergmarathon.plusdata.dk\/index.php\/wp-json\/wp\/v2\/pages\/41\/revisions\/190"}],"wp:attachment":[{"href":"https:\/\/bredbjergmarathon.plusdata.dk\/index.php\/wp-json\/wp\/v2\/media?parent=41"}],"curies":[{"name":"wp","href":"https:\/\/api.w.org\/{rel}","templated":true}]}}