{"id":156,"date":"2021-10-20T17:10:33","date_gmt":"2021-10-20T17:10:33","guid":{"rendered":"https:\/\/bredbjergmarathon.plusdata.dk\/?page_id=156"},"modified":"2021-10-20T17:10:33","modified_gmt":"2021-10-20T17:10:33","slug":"bredbjerg-marathon-2-fyraftensloeb-torsdag-den-2-7-2020","status":"publish","type":"page","link":"https:\/\/bredbjergmarathon.plusdata.dk\/index.php\/bredbjerg-marathon-2-fyraftensloeb-torsdag-den-2-7-2020\/","title":{"rendered":"Bredbjerg Marathon #2 Fyraftensl\u00f8b torsdag den 2\/7 2020"},"content":{"rendered":"\n<p><strong><a rel=\"noreferrer noopener\" href=\"https:\/\/drive.google.com\/file\/d\/102sWi-Yif197bKHG3cO_BI3PPQbdHn-T\/view?usp=sharing\" target=\"_blank\">Diplom kan hentes her<\/a><\/strong><\/p>\n\n\n\n<p>Resultatliste:<\/p>\n\n\n\n<p><strong>Halvmarathon:<\/strong><br>Sussi Gudmundsson 2:11:41<br>Mette Olsen 2:08:50<br>Susanne Billeskov 2:14:27<br>Pia Holst 2:06:38<br>Sander M\u00f8ller 1:57:10<br>Henrik Gregersen 1:46:55<br>Jesper Steen Olsen 2:05:05<br>Mogens L. Petersen 2:07:22<\/p>\n\n\n\n<p><strong>10,6 km.:<\/strong><br>Janus D\u00f8ssing 1:01:06<br>Dan Krogstrup 1:07:56<br>Kim Laage Nielsen 1:00:00<br>Mads D\u00f8ssing 00:55:24<br>Annette W\u00e6nnerstr\u00f8m 1:08:03<br>Sophie H\u00f8rlykke Lund (Mangler tid)<br><br><\/p>\n\n\n\n<figure class=\"wp-block-image size-large\"><img loading=\"lazy\" decoding=\"async\" width=\"1024\" height=\"768\" src=\"https:\/\/bredbjergmarathon.plusdata.dk\/wp-content\/uploads\/2021\/10\/i284571214510690568._szw1280h1280_-1024x768.jpg\" alt=\"\" class=\"wp-image-157\" srcset=\"https:\/\/bredbjergmarathon.plusdata.dk\/wp-content\/uploads\/2021\/10\/i284571214510690568._szw1280h1280_-1024x768.jpg 1024w, https:\/\/bredbjergmarathon.plusdata.dk\/wp-content\/uploads\/2021\/10\/i284571214510690568._szw1280h1280_-300x225.jpg 300w, https:\/\/bredbjergmarathon.plusdata.dk\/wp-content\/uploads\/2021\/10\/i284571214510690568._szw1280h1280_-768x576.jpg 768w, https:\/\/bredbjergmarathon.plusdata.dk\/wp-content\/uploads\/2021\/10\/i284571214510690568._szw1280h1280_.jpg 1280w\" sizes=\"auto, (max-width: 1024px) 100vw, 1024px\" \/><\/figure>\n","protected":false},"excerpt":{"rendered":"<p>Diplom kan hentes her Resultatliste: Halvmarathon:Sussi Gudmundsson 2:11:41Mette Olsen 2:08:50Susanne Billeskov 2:14:27Pia Holst 2:06:38Sander M\u00f8ller 1:57:10Henrik Gregersen 1:46:55Jesper Steen Olsen 2:05:05Mogens L. Petersen 2:07:22 10,6 km.:Janus D\u00f8ssing 1:01:06Dan Krogstrup 1:07:56Kim Laage Nielsen 1:00:00Mads D\u00f8ssing 00:55:24Annette W\u00e6nnerstr\u00f8m 1:08:03Sophie H\u00f8rlykke Lund (Mangler tid)<\/p>\n","protected":false},"author":1,"featured_media":0,"parent":0,"menu_order":0,"comment_status":"closed","ping_status":"closed","template":"","meta":{"footnotes":""},"class_list":["post-156","page","type-page","status-publish","hentry"],"_links":{"self":[{"href":"https:\/\/bredbjergmarathon.plusdata.dk\/index.php\/wp-json\/wp\/v2\/pages\/156","targetHints":{"allow":["GET"]}}],"collection":[{"href":"https:\/\/bredbjergmarathon.plusdata.dk\/index.php\/wp-json\/wp\/v2\/pages"}],"about":[{"href":"https:\/\/bredbjergmarathon.plusdata.dk\/index.php\/wp-json\/wp\/v2\/types\/page"}],"author":[{"embeddable":true,"href":"https:\/\/bredbjergmarathon.plusdata.dk\/index.php\/wp-json\/wp\/v2\/users\/1"}],"replies":[{"embeddable":true,"href":"https:\/\/bredbjergmarathon.plusdata.dk\/index.php\/wp-json\/wp\/v2\/comments?post=156"}],"version-history":[{"count":1,"href":"https:\/\/bredbjergmarathon.plusdata.dk\/index.php\/wp-json\/wp\/v2\/pages\/156\/revisions"}],"predecessor-version":[{"id":158,"href":"https:\/\/bredbjergmarathon.plusdata.dk\/index.php\/wp-json\/wp\/v2\/pages\/156\/revisions\/158"}],"wp:attachment":[{"href":"https:\/\/bredbjergmarathon.plusdata.dk\/index.php\/wp-json\/wp\/v2\/media?parent=156"}],"curies":[{"name":"wp","href":"https:\/\/api.w.org\/{rel}","templated":true}]}}