{"id":152,"date":"2021-10-20T17:05:35","date_gmt":"2021-10-20T17:05:35","guid":{"rendered":"https:\/\/bredbjergmarathon.plusdata.dk\/?page_id=152"},"modified":"2021-10-22T08:10:16","modified_gmt":"2021-10-22T08:10:16","slug":"kommende-loeb","status":"publish","type":"page","link":"https:\/\/bredbjergmarathon.plusdata.dk\/index.php\/kommende-loeb\/","title":{"rendered":"Kommende l\u00f8b"},"content":{"rendered":"\n<p><strong>Der er desv\u00e6rre ingen planlagte l\u00f8b, men hold \u00f8je med hjemmesiden og Facebook<\/strong>.<\/p>\n","protected":false},"excerpt":{"rendered":"<p>Der er desv\u00e6rre ingen planlagte l\u00f8b, men hold \u00f8je med hjemmesiden og Facebook.<\/p>\n","protected":false},"author":1,"featured_media":0,"parent":0,"menu_order":0,"comment_status":"closed","ping_status":"closed","template":"","meta":{"footnotes":""},"class_list":["post-152","page","type-page","status-publish","hentry"],"_links":{"self":[{"href":"https:\/\/bredbjergmarathon.plusdata.dk\/index.php\/wp-json\/wp\/v2\/pages\/152","targetHints":{"allow":["GET"]}}],"collection":[{"href":"https:\/\/bredbjergmarathon.plusdata.dk\/index.php\/wp-json\/wp\/v2\/pages"}],"about":[{"href":"https:\/\/bredbjergmarathon.plusdata.dk\/index.php\/wp-json\/wp\/v2\/types\/page"}],"author":[{"embeddable":true,"href":"https:\/\/bredbjergmarathon.plusdata.dk\/index.php\/wp-json\/wp\/v2\/users\/1"}],"replies":[{"embeddable":true,"href":"https:\/\/bredbjergmarathon.plusdata.dk\/index.php\/wp-json\/wp\/v2\/comments?post=152"}],"version-history":[{"count":2,"href":"https:\/\/bredbjergmarathon.plusdata.dk\/index.php\/wp-json\/wp\/v2\/pages\/152\/revisions"}],"predecessor-version":[{"id":179,"href":"https:\/\/bredbjergmarathon.plusdata.dk\/index.php\/wp-json\/wp\/v2\/pages\/152\/revisions\/179"}],"wp:attachment":[{"href":"https:\/\/bredbjergmarathon.plusdata.dk\/index.php\/wp-json\/wp\/v2\/media?parent=152"}],"curies":[{"name":"wp","href":"https:\/\/api.w.org\/{rel}","templated":true}]}}