{"id":149,"date":"2021-10-20T17:01:35","date_gmt":"2021-10-20T17:01:35","guid":{"rendered":"https:\/\/bredbjergmarathon.plusdata.dk\/?page_id=149"},"modified":"2021-10-22T08:06:16","modified_gmt":"2021-10-22T08:06:16","slug":"alt-om-loebet","status":"publish","type":"page","link":"https:\/\/bredbjergmarathon.plusdata.dk\/index.php\/alt-om-loebet\/","title":{"rendered":"Alt om l\u00f8bet"},"content":{"rendered":"\n<p><strong>Hvor starter L\u00f8bet?<\/strong><br>L\u00f8bet starter ved \u00c5toften 5, 5471 S\u00f8nders\u00f8.<br>Der er toilet, og mulighed for omkl\u00e6dning.<\/p>\n\n\n\n<p><strong>Ruten<\/strong><br>Ruterne varierer, s\u00e5 hold \u00f8je med begivenheden.<\/p>\n\n\n\n<p><strong>Depot<\/strong><br>Der er 1 depot p\u00e5 ruten, som er placeret ved start\/m\u00e5l. Der er vand, saft og sodavand, samt s\u00f8dt og salt.<\/p>\n\n\n\n<p><strong>Hvordan tages der tid og hvordan l\u00f8bes der?<\/strong><br>Vi l\u00f8ber efter cannonball-princippet, s\u00e5 man st\u00e5r selv for tiden, uret m\u00e5 ikke stoppes undervejs, ej heller under toiletbes\u00f8g, og husk at sl\u00e5 autostop fra p\u00e5 uret. Der bliver lagt et ur og en liste ved start, s\u00e5 man kan se sin tid hvis uret kikser, eller man ikke har et. Man skriver selv tiden p\u00e5 listen, som efterf\u00f8lgende bliver offentliggjort. Man l\u00f8ber lige som ved alle andre l\u00f8b HELE distancen uanset hvad der st\u00e5r p\u00e5 uret, eller om man l\u00f8ber forkert undervejs.<a rel=\"noreferrer noopener\" href=\"https:\/\/connect.garmin.com\/modern\/course\/28811778\" target=\"_blank\"><br><\/a><br><strong>Medaljer\/diplomer<br><\/strong>Der er medaljer til alle deltagere efter gennemf\u00f8relse af den tilmeldte distance og diplom til egen download fra l\u00f8bets hjemmeside.<\/p>\n\n\n\n<p><strong>Diverse<br><\/strong>L\u00f8bet lever op til reglerne iht. Klub 100 Marathon Danmark.<\/p>\n","protected":false},"excerpt":{"rendered":"<p>Hvor starter L\u00f8bet?L\u00f8bet starter ved \u00c5toften 5, 5471 S\u00f8nders\u00f8.Der er toilet, og mulighed for omkl\u00e6dning. RutenRuterne varierer, s\u00e5 hold \u00f8je med begivenheden. DepotDer er 1 depot p\u00e5 ruten, som er placeret ved start\/m\u00e5l. Der er vand, saft og sodavand, samt s\u00f8dt og salt. Hvordan tages der tid og hvordan l\u00f8bes der?Vi l\u00f8ber efter cannonball-princippet, s\u00e5 [&hellip;]<\/p>\n","protected":false},"author":1,"featured_media":0,"parent":0,"menu_order":0,"comment_status":"closed","ping_status":"closed","template":"","meta":{"footnotes":""},"class_list":["post-149","page","type-page","status-publish","hentry"],"_links":{"self":[{"href":"https:\/\/bredbjergmarathon.plusdata.dk\/index.php\/wp-json\/wp\/v2\/pages\/149","targetHints":{"allow":["GET"]}}],"collection":[{"href":"https:\/\/bredbjergmarathon.plusdata.dk\/index.php\/wp-json\/wp\/v2\/pages"}],"about":[{"href":"https:\/\/bredbjergmarathon.plusdata.dk\/index.php\/wp-json\/wp\/v2\/types\/page"}],"author":[{"embeddable":true,"href":"https:\/\/bredbjergmarathon.plusdata.dk\/index.php\/wp-json\/wp\/v2\/users\/1"}],"replies":[{"embeddable":true,"href":"https:\/\/bredbjergmarathon.plusdata.dk\/index.php\/wp-json\/wp\/v2\/comments?post=149"}],"version-history":[{"count":2,"href":"https:\/\/bredbjergmarathon.plusdata.dk\/index.php\/wp-json\/wp\/v2\/pages\/149\/revisions"}],"predecessor-version":[{"id":175,"href":"https:\/\/bredbjergmarathon.plusdata.dk\/index.php\/wp-json\/wp\/v2\/pages\/149\/revisions\/175"}],"wp:attachment":[{"href":"https:\/\/bredbjergmarathon.plusdata.dk\/index.php\/wp-json\/wp\/v2\/media?parent=149"}],"curies":[{"name":"wp","href":"https:\/\/api.w.org\/{rel}","templated":true}]}}